{"id":16,"date":"2022-06-10T15:44:36","date_gmt":"2022-06-10T15:44:36","guid":{"rendered":"https:\/\/kadence.pixel-show.com\/cleaning-services\/?page_id=16"},"modified":"2025-09-01T09:11:17","modified_gmt":"2025-09-01T09:11:17","slug":"hakkimizda","status":"publish","type":"page","link":"https:\/\/www.akersan.com.tr\/?page_id=16","title":{"rendered":"Hakk\u0131m\u0131zda"},"content":{"rendered":"\t\t<div data-elementor-type=\"wp-page\" data-elementor-id=\"16\" class=\"elementor elementor-16\">\n\t\t\t\t<div class=\"elementor-element elementor-element-ab3f6f7 e-con-full e-flex e-con e-parent\" data-id=\"ab3f6f7\" data-element_type=\"container\" data-e-type=\"container\" data-settings=\"{&quot;background_background&quot;:&quot;classic&quot;}\">\n\t\t\t\t<div class=\"elementor-element elementor-element-81a9f68 elementor-widget elementor-widget-spacer\" data-id=\"81a9f68\" data-element_type=\"widget\" data-e-type=\"widget\" data-widget_type=\"spacer.default\">\n\t\t\t\t<div class=\"elementor-widget-container\">\n\t\t\t\t\t\t\t<div class=\"elementor-spacer\">\n\t\t\t<div class=\"elementor-spacer-inner\"><\/div>\n\t\t<\/div>\n\t\t\t\t\t\t<\/div>\n\t\t\t\t<\/div>\n\t\t\t\t<\/div>\n\t\t<div class=\"elementor-element elementor-element-c1ae8c1 e-flex e-con-boxed e-con e-parent\" data-id=\"c1ae8c1\" data-element_type=\"container\" data-e-type=\"container\">\n\t\t\t\t\t<div class=\"e-con-inner\">\n\t\t\t\t<div class=\"elementor-element elementor-element-3c935d9 elementor-widget elementor-widget-spacer\" data-id=\"3c935d9\" data-element_type=\"widget\" data-e-type=\"widget\" data-widget_type=\"spacer.default\">\n\t\t\t\t<div class=\"elementor-widget-container\">\n\t\t\t\t\t\t\t<div class=\"elementor-spacer\">\n\t\t\t<div class=\"elementor-spacer-inner\"><\/div>\n\t\t<\/div>\n\t\t\t\t\t\t<\/div>\n\t\t\t\t<\/div>\n\t\t\t\t\t<\/div>\n\t\t\t\t<\/div>\n\t\t<div class=\"elementor-element elementor-element-3029b06 e-flex e-con-boxed e-con e-parent\" data-id=\"3029b06\" data-element_type=\"container\" data-e-type=\"container\">\n\t\t\t\t\t<div class=\"e-con-inner\">\n\t\t\t\t<div class=\"elementor-element elementor-element-747bfb9 elementor-widget elementor-widget-image\" data-id=\"747bfb9\" data-element_type=\"widget\" data-e-type=\"widget\" data-widget_type=\"image.default\">\n\t\t\t\t<div class=\"elementor-widget-container\">\n\t\t\t\t\t\t\t\t\t\t\t\t\t\t\t<img fetchpriority=\"high\" decoding=\"async\" width=\"795\" height=\"123\" src=\"https:\/\/www.akersan.com.tr\/wp-content\/uploads\/2023\/09\/akersan.png\" class=\"attachment-large size-large wp-image-736\" alt=\"\" srcset=\"https:\/\/www.akersan.com.tr\/wp-content\/uploads\/2023\/09\/akersan.png 795w, https:\/\/www.akersan.com.tr\/wp-content\/uploads\/2023\/09\/akersan-300x46.png 300w, https:\/\/www.akersan.com.tr\/wp-content\/uploads\/2023\/09\/akersan-768x119.png 768w\" sizes=\"(max-width: 795px) 100vw, 795px\" \/>\t\t\t\t\t\t\t\t\t\t\t\t\t\t\t<\/div>\n\t\t\t\t<\/div>\n\t\t\t\t\t<\/div>\n\t\t\t\t<\/div>\n\t\t<div class=\"elementor-element elementor-element-dda693f e-flex e-con-boxed e-con e-parent\" data-id=\"dda693f\" data-element_type=\"container\" data-e-type=\"container\">\n\t\t\t\t\t<div class=\"e-con-inner\">\n\t\t\t\t<div class=\"elementor-element elementor-element-98e07dc elementor-widget elementor-widget-spacer\" data-id=\"98e07dc\" data-element_type=\"widget\" data-e-type=\"widget\" data-widget_type=\"spacer.default\">\n\t\t\t\t<div class=\"elementor-widget-container\">\n\t\t\t\t\t\t\t<div class=\"elementor-spacer\">\n\t\t\t<div class=\"elementor-spacer-inner\"><\/div>\n\t\t<\/div>\n\t\t\t\t\t\t<\/div>\n\t\t\t\t<\/div>\n\t\t\t\t\t<\/div>\n\t\t\t\t<\/div>\n\t\t<div class=\"elementor-element elementor-element-6d1e74a e-con-full e-flex e-con e-parent\" data-id=\"6d1e74a\" data-element_type=\"container\" data-e-type=\"container\">\n\t\t\t\t<div class=\"elementor-element elementor-element-410dff0 elementor-widget elementor-widget-text-editor\" data-id=\"410dff0\" data-element_type=\"widget\" data-e-type=\"widget\" data-widget_type=\"text-editor.default\">\n\t\t\t\t<div class=\"elementor-widget-container\">\n\t\t\t\t\t\t\t\t\t<p><em><strong>Akersan\u00a0<\/strong>bir grup firmas\u0131 olup enerji \u00fcretimi, mekanik, in\u015faat, savunma sanayi, d\u0131\u015f ticaret ve yat\u0131r\u0131m dan\u0131\u015fmanl\u0131\u011f\u0131 konusunda faaliyet g\u00f6steren her biri\u00a0 alan\u0131nda uzman olan.kurulu\u015flardan biridir.<\/em><\/p><p><em><strong>Akersan Grup<\/strong>, uluslararas\u0131 markalar\u0131 yak\u0131ndan takip edip geli\u015fmeleri m\u00fc\u015fterilerine uzman kadrosuyla aktarmay\u0131 ve \u00e7\u00f6zum \u00fcretmeyi prensip edinmi\u015ftir.<\/em><\/p><p><em><strong>Akersan<\/strong>\u00a0Geli\u015ftirme politikas\u0131 mevcut oldu\u011fu her \u00fclkede, yereli bir akt\u00f6r olmay\u0131 ilke edinmi\u015ftir<\/em><br \/><em>Akersan Grup, lojistik ve ihracat\u2019ta profesyonel m\u00fchendis ve teknik\u00a0 ekibiyle\u00a0 k\u0131sa s\u00fcrede\u00a0 m\u00fc\u015fteri\u00a0 ihtiya\u00e7lar\u0131n\u0131 kar\u015f\u0131lamak , teknik \u00e7\u00f6z\u00fcmler geli\u015ftirmek i\u00e7in m\u00fc\u015fterilerine en iyi \u00e7\u00f6zumleri sunmay\u0131 ilke edinmi\u015ftir.<\/em><\/p><p><em><strong>Akersan<\/strong>\u00a0Kaliteli \u00fcr\u00fcn en iyi fiyat ve zaman\u0131nda teslim ile ihtiya\u00e7lar\u0131n\u0131za cevap verir<\/em><br \/><em>Akersan\u00a0 grup be\u015f ayr\u0131 b\u00f6l\u00fcme ayr\u0131lm\u0131\u015ft\u0131r:<\/em><\/p><p><em>\u2022<strong>\u00a0Akersan Kimya:\u00a0<\/strong><\/em><i>Kimyevi Madde, End\u00fcstriyel Boya ve Ham madde \u00dcretimi ve Sat\u0131\u015f\u0131<\/i><\/p><p><em>\u2022\u00a0<strong>Akersan Elektrik<\/strong><\/em><b><i>,M\u00fchendislik ve Otomasyon<\/i><\/b><em><strong>:<\/strong>\u00a0Elektrik, M\u00fchendislik ve Otomasyon \u00fcr\u00fcnleri imalat\u0131 ve sat\u0131\u015f\u0131\u00a0 (transformat\u00f6rler, kablolar, ayd\u0131nlatma, kablo kanal\u0131 vs)<\/em><\/p><p><em>\u2022\u00a0<strong>Akersan Mekanik:\u00a0<\/strong>Mekanik \u00fcr\u00fcnleri imalat\u0131 ve sat\u0131\u015f\u0131 (Makine, makine par\u00e7alar\u0131 \u00e7elik konstr\u00fcksiyon galvaniz,D\u0131\u015f cephe giydirme ve reklam)\u00a0\u00a0 \u00a0<\/em><\/p><p><em>\u2022\u00a0<strong>Akersan Demiryolu:\u00a0<\/strong>Demiryolu ekipmanlar\u0131 sat\u0131\u015f\u0131 ve uygulama( vagon , lokomotif, ray kaynak makinesi sat\u0131\u015f\u0131 ve deneyimli person)<\/em><br \/><em>\u00a0<\/em><br \/><em>\u2022\u00a0<strong>Akersan \u0130n\u015faat:\u00a0<\/strong>\u0130n\u015faat taahh\u00fct ve malzeme sat\u0131\u015f\u0131<\/em><\/p><p>\u00a0<\/p><h4 style=\"text-align: center;\">Kaliteli Hizmetin Dijital Yans\u0131mas\u0131<\/h4><p>&#8220;Akersan olarak, sekt\u00f6rdeki tecr\u00fcbemiz ve kaliteden \u00f6d\u00fcn vermeyen hizmet anlay\u0131\u015f\u0131m\u0131zla tan\u0131n\u0131yoruz. M\u00fc\u015fteri memnuniyetini en \u00fcst d\u00fczeyde tutmak ad\u0131na, hizmet kalitemizi dijital d\u00fcnyaya da ta\u015f\u0131may\u0131 hedefledik. Bu nedenle, hizmetlerimizi en iyi \u015fekilde anlatan, kolay kullan\u0131ml\u0131 ve modern bir web sitesine sahip olduk. Art\u0131k m\u00fc\u015fterilerimiz, sundu\u011fumuz t\u00fcm hizmetlere detayl\u0131 bir \u015fekilde ula\u015fabiliyor, akl\u0131ndaki sorulara yan\u0131t bulabiliyor ve bizimle rahat\u00e7a ileti\u015fime ge\u00e7ebiliyor.<\/p><p>Web sitemizin tasar\u0131m ve yaz\u0131l\u0131m s\u00fcre\u00e7lerini, profesyonel yakla\u015f\u0131mlar\u0131 ve yenilik\u00e7i \u00e7\u00f6z\u00fcmleriyle bilinen <a href=\"https:\/\/www.webalagoz.com\/\"><b>Web Alag\u00f6z Yaz\u0131l\u0131m Hizmetleri<\/b><\/a> firmas\u0131 ile y\u00fcr\u00fctt\u00fck. Bu i\u015f birli\u011fi sayesinde, hizmet kalitemizi dijital d\u00fcnyada da en iyi \u015fekilde yans\u0131tan bir platforma kavu\u015ftuk ve m\u00fc\u015fterilerimize sundu\u011fumuz de\u011feri daha geni\u015f kitlelere ula\u015ft\u0131rma f\u0131rsat\u0131 yakalad\u0131k.&#8221;<\/p>\t\t\t\t\t\t\t\t<\/div>\n\t\t\t\t<\/div>\n\t\t\t\t<\/div>\n\t\t<div class=\"elementor-element elementor-element-8012cf2 e-flex e-con-boxed e-con e-parent\" data-id=\"8012cf2\" data-element_type=\"container\" data-e-type=\"container\">\n\t\t\t\t\t<div class=\"e-con-inner\">\n\t\t\t\t<div class=\"elementor-element elementor-element-23b86ef elementor-widget elementor-widget-spacer\" data-id=\"23b86ef\" data-element_type=\"widget\" data-e-type=\"widget\" data-widget_type=\"spacer.default\">\n\t\t\t\t<div class=\"elementor-widget-container\">\n\t\t\t\t\t\t\t<div class=\"elementor-spacer\">\n\t\t\t<div class=\"elementor-spacer-inner\"><\/div>\n\t\t<\/div>\n\t\t\t\t\t\t<\/div>\n\t\t\t\t<\/div>\n\t\t\t\t\t<\/div>\n\t\t\t\t<\/div>\n\t\t<div class=\"elementor-element elementor-element-e37b4f7 e-con-full e-flex e-con e-parent\" data-id=\"e37b4f7\" data-element_type=\"container\" data-e-type=\"container\">\n\t\t<div class=\"elementor-element elementor-element-1d01907 e-con-full e-flex e-con e-child\" data-id=\"1d01907\" data-element_type=\"container\" data-e-type=\"container\">\n\t\t\t\t<div class=\"elementor-element elementor-element-c36763c elementor-widget elementor-widget-image\" data-id=\"c36763c\" data-element_type=\"widget\" data-e-type=\"widget\" data-widget_type=\"image.default\">\n\t\t\t\t<div class=\"elementor-widget-container\">\n\t\t\t\t\t\t\t\t\t\t\t\t\t\t\t<img decoding=\"async\" width=\"335\" height=\"150\" src=\"https:\/\/www.akersan.com.tr\/wp-content\/uploads\/2023\/09\/indir-1.jpeg\" class=\"attachment-large size-large wp-image-754\" alt=\"\" srcset=\"https:\/\/www.akersan.com.tr\/wp-content\/uploads\/2023\/09\/indir-1.jpeg 335w, https:\/\/www.akersan.com.tr\/wp-content\/uploads\/2023\/09\/indir-1-300x134.jpeg 300w\" sizes=\"(max-width: 335px) 100vw, 335px\" \/>\t\t\t\t\t\t\t\t\t\t\t\t\t\t\t<\/div>\n\t\t\t\t<\/div>\n\t\t\t\t<\/div>\n\t\t<div class=\"elementor-element elementor-element-a268165 e-con-full e-flex e-con e-child\" data-id=\"a268165\" data-element_type=\"container\" data-e-type=\"container\">\n\t\t\t\t<div class=\"elementor-element elementor-element-ed23aa5 elementor-widget elementor-widget-image\" data-id=\"ed23aa5\" data-element_type=\"widget\" data-e-type=\"widget\" data-widget_type=\"image.default\">\n\t\t\t\t<div class=\"elementor-widget-container\">\n\t\t\t\t\t\t\t\t\t\t\t\t\t\t\t<img decoding=\"async\" width=\"1024\" height=\"358\" src=\"https:\/\/www.akersan.com.tr\/wp-content\/uploads\/2023\/09\/arsal-insaat-hakkimizda-1024x358.jpg\" class=\"attachment-large size-large wp-image-753\" alt=\"\" srcset=\"https:\/\/www.akersan.com.tr\/wp-content\/uploads\/2023\/09\/arsal-insaat-hakkimizda-1024x358.jpg 1024w, https:\/\/www.akersan.com.tr\/wp-content\/uploads\/2023\/09\/arsal-insaat-hakkimizda-300x105.jpg 300w, https:\/\/www.akersan.com.tr\/wp-content\/uploads\/2023\/09\/arsal-insaat-hakkimizda-768x269.jpg 768w, https:\/\/www.akersan.com.tr\/wp-content\/uploads\/2023\/09\/arsal-insaat-hakkimizda.jpg 1200w\" sizes=\"(max-width: 1024px) 100vw, 1024px\" \/>\t\t\t\t\t\t\t\t\t\t\t\t\t\t\t<\/div>\n\t\t\t\t<\/div>\n\t\t\t\t<\/div>\n\t\t<div class=\"elementor-element elementor-element-f90dec0 e-con-full e-flex e-con e-child\" data-id=\"f90dec0\" data-element_type=\"container\" data-e-type=\"container\">\n\t\t\t\t<div class=\"elementor-element elementor-element-8a2059f elementor-widget elementor-widget-image\" data-id=\"8a2059f\" data-element_type=\"widget\" data-e-type=\"widget\" data-widget_type=\"image.default\">\n\t\t\t\t<div class=\"elementor-widget-container\">\n\t\t\t\t\t\t\t\t\t\t\t\t\t\t\t<img loading=\"lazy\" decoding=\"async\" width=\"411\" height=\"123\" src=\"https:\/\/www.akersan.com.tr\/wp-content\/uploads\/2023\/09\/images.jpeg\" class=\"attachment-large size-large wp-image-752\" alt=\"\" srcset=\"https:\/\/www.akersan.com.tr\/wp-content\/uploads\/2023\/09\/images.jpeg 411w, https:\/\/www.akersan.com.tr\/wp-content\/uploads\/2023\/09\/images-300x90.jpeg 300w\" sizes=\"(max-width: 411px) 100vw, 411px\" \/>\t\t\t\t\t\t\t\t\t\t\t\t\t\t\t<\/div>\n\t\t\t\t<\/div>\n\t\t\t\t<\/div>\n\t\t\t\t<\/div>\n\t\t\t\t<\/div>\n\t\t","protected":false},"excerpt":{"rendered":"<p>Akersan\u00a0bir grup firmas\u0131 olup enerji \u00fcretimi, mekanik, in\u015faat, savunma sanayi, d\u0131\u015f ticaret ve yat\u0131r\u0131m dan\u0131\u015fmanl\u0131\u011f\u0131 konusunda faaliyet g\u00f6steren her biri\u00a0 alan\u0131nda uzman olan.kurulu\u015flardan biridir. Akersan Grup, uluslararas\u0131 markalar\u0131 yak\u0131ndan takip edip geli\u015fmeleri m\u00fc\u015fterilerine uzman kadrosuyla aktarmay\u0131 ve \u00e7\u00f6zum \u00fcretmeyi prensip edinmi\u015ftir. Akersan\u00a0Geli\u015ftirme politikas\u0131 mevcut oldu\u011fu her \u00fclkede, yereli bir akt\u00f6r olmay\u0131 ilke edinmi\u015ftirAkersan Grup, lojistik&#8230;<\/p>\n","protected":false},"author":1,"featured_media":0,"parent":0,"menu_order":0,"comment_status":"closed","ping_status":"closed","template":"","meta":{"googlesitekit_rrm_CAowp6-_DA:productID":"","_kadence_starter_templates_imported_post":true,"_kad_post_transparent":"","_kad_post_title":"hide","_kad_post_layout":"fullwidth","_kad_post_sidebar_id":"","_kad_post_content_style":"unboxed","_kad_post_vertical_padding":"hide","_kad_post_feature":"hide","_kad_post_feature_position":"","_kad_post_header":false,"_kad_post_footer":false,"_kad_post_classname":"","footnotes":""},"class_list":["post-16","page","type-page","status-publish","hentry"],"_links":{"self":[{"href":"https:\/\/www.akersan.com.tr\/index.php?rest_route=\/wp\/v2\/pages\/16","targetHints":{"allow":["GET"]}}],"collection":[{"href":"https:\/\/www.akersan.com.tr\/index.php?rest_route=\/wp\/v2\/pages"}],"about":[{"href":"https:\/\/www.akersan.com.tr\/index.php?rest_route=\/wp\/v2\/types\/page"}],"author":[{"embeddable":true,"href":"https:\/\/www.akersan.com.tr\/index.php?rest_route=\/wp\/v2\/users\/1"}],"replies":[{"embeddable":true,"href":"https:\/\/www.akersan.com.tr\/index.php?rest_route=%2Fwp%2Fv2%2Fcomments&post=16"}],"version-history":[{"count":11,"href":"https:\/\/www.akersan.com.tr\/index.php?rest_route=\/wp\/v2\/pages\/16\/revisions"}],"predecessor-version":[{"id":1098,"href":"https:\/\/www.akersan.com.tr\/index.php?rest_route=\/wp\/v2\/pages\/16\/revisions\/1098"}],"wp:attachment":[{"href":"https:\/\/www.akersan.com.tr\/index.php?rest_route=%2Fwp%2Fv2%2Fmedia&parent=16"}],"curies":[{"name":"wp","href":"https:\/\/api.w.org\/{rel}","templated":true}]}}