{"id":18,"date":"2022-06-10T15:44:47","date_gmt":"2022-06-10T15:44:47","guid":{"rendered":"https:\/\/kadence.pixel-show.com\/cleaning-services\/?page_id=18"},"modified":"2023-09-29T18:32:40","modified_gmt":"2023-09-29T18:32:40","slug":"hizmetlerimiz","status":"publish","type":"page","link":"https:\/\/www.akersan.com.tr\/?page_id=18","title":{"rendered":"Hizmetlerimiz"},"content":{"rendered":"\t\t<div data-elementor-type=\"wp-page\" data-elementor-id=\"18\" class=\"elementor elementor-18\">\n\t\t\t\t<div class=\"elementor-element elementor-element-1978893 e-con-full e-flex e-con e-parent\" data-id=\"1978893\" data-element_type=\"container\" data-e-type=\"container\" data-settings=\"{&quot;background_background&quot;:&quot;classic&quot;}\">\n\t\t\t\t<div class=\"elementor-element elementor-element-cc2b17d elementor-widget elementor-widget-spacer\" data-id=\"cc2b17d\" data-element_type=\"widget\" data-e-type=\"widget\" data-widget_type=\"spacer.default\">\n\t\t\t\t<div class=\"elementor-widget-container\">\n\t\t\t\t\t\t\t<div class=\"elementor-spacer\">\n\t\t\t<div class=\"elementor-spacer-inner\"><\/div>\n\t\t<\/div>\n\t\t\t\t\t\t<\/div>\n\t\t\t\t<\/div>\n\t\t\t\t<\/div>\n\t\t<div class=\"elementor-element elementor-element-48fd691 e-flex e-con-boxed e-con e-parent\" data-id=\"48fd691\" data-element_type=\"container\" data-e-type=\"container\">\n\t\t\t\t\t<div class=\"e-con-inner\">\n\t\t\t\t<div class=\"elementor-element elementor-element-9b61b9d elementor-widget elementor-widget-spacer\" data-id=\"9b61b9d\" data-element_type=\"widget\" data-e-type=\"widget\" data-widget_type=\"spacer.default\">\n\t\t\t\t<div class=\"elementor-widget-container\">\n\t\t\t\t\t\t\t<div class=\"elementor-spacer\">\n\t\t\t<div class=\"elementor-spacer-inner\"><\/div>\n\t\t<\/div>\n\t\t\t\t\t\t<\/div>\n\t\t\t\t<\/div>\n\t\t<div class=\"elementor-element elementor-element-ff20f6c e-flex e-con-boxed e-con e-child\" data-id=\"ff20f6c\" data-element_type=\"container\" data-e-type=\"container\">\n\t\t\t\t\t<div class=\"e-con-inner\">\n\t\t\t\t<div class=\"elementor-element elementor-element-69de452 elementor-widget elementor-widget-heading\" data-id=\"69de452\" data-element_type=\"widget\" data-e-type=\"widget\" data-widget_type=\"heading.default\">\n\t\t\t\t<div class=\"elementor-widget-container\">\n\t\t\t\t\t<h2 class=\"elementor-heading-title elementor-size-default\">Hizmetlerimiz<\/h2>\t\t\t\t<\/div>\n\t\t\t\t<\/div>\n\t\t\t\t\t<\/div>\n\t\t\t\t<\/div>\n\t\t\t\t\t<\/div>\n\t\t\t\t<\/div>\n\t\t<div class=\"elementor-element elementor-element-fa7c5ed e-flex e-con-boxed e-con e-parent\" data-id=\"fa7c5ed\" data-element_type=\"container\" data-e-type=\"container\">\n\t\t\t\t\t<div class=\"e-con-inner\">\n\t\t<div class=\"elementor-element elementor-element-afa74a7 e-con-full e-flex e-con e-child\" data-id=\"afa74a7\" data-element_type=\"container\" data-e-type=\"container\">\n\t\t<div class=\"elementor-element elementor-element-d922a20 e-con-full e-flex e-con e-child\" data-id=\"d922a20\" data-element_type=\"container\" data-e-type=\"container\">\n\t\t\t\t<div class=\"elementor-element elementor-element-7824781 elementor-widget elementor-widget-image\" data-id=\"7824781\" data-element_type=\"widget\" data-e-type=\"widget\" data-widget_type=\"image.default\">\n\t\t\t\t<div class=\"elementor-widget-container\">\n\t\t\t\t\t\t\t\t\t\t\t\t\t\t\t\t<a href=\"http:\/\/www.akersan.com.tr\/?page_id=883\">\n\t\t\t\t\t\t\t<img fetchpriority=\"high\" decoding=\"async\" width=\"690\" height=\"568\" src=\"https:\/\/www.akersan.com.tr\/wp-content\/uploads\/2023\/09\/teknik-kimyasallar.jpg\" class=\"attachment-large size-large wp-image-759\" alt=\"\" srcset=\"https:\/\/www.akersan.com.tr\/wp-content\/uploads\/2023\/09\/teknik-kimyasallar.jpg 690w, https:\/\/www.akersan.com.tr\/wp-content\/uploads\/2023\/09\/teknik-kimyasallar-300x247.jpg 300w\" sizes=\"(max-width: 690px) 100vw, 690px\" \/>\t\t\t\t\t\t\t\t<\/a>\n\t\t\t\t\t\t\t\t\t\t\t\t\t\t\t<\/div>\n\t\t\t\t<\/div>\n\t\t\t\t<div class=\"elementor-element elementor-element-86dcde4 elementor-widget elementor-widget-heading\" data-id=\"86dcde4\" data-element_type=\"widget\" data-e-type=\"widget\" data-widget_type=\"heading.default\">\n\t\t\t\t<div class=\"elementor-widget-container\">\n\t\t\t\t\t<h2 class=\"elementor-heading-title elementor-size-default\"><a href=\"http:\/\/www.akersan.com.tr\/?page_id=883\">Akersan Kimya<\/a><\/h2>\t\t\t\t<\/div>\n\t\t\t\t<\/div>\n\t\t\t\t<div class=\"elementor-element elementor-element-9306fed elementor-widget elementor-widget-text-editor\" data-id=\"9306fed\" data-element_type=\"widget\" data-e-type=\"widget\" data-widget_type=\"text-editor.default\">\n\t\t\t\t<div class=\"elementor-widget-container\">\n\t\t\t\t\t\t\t\t\t<p><em>Kimyevi Madde, End\u00fcstriyel Boya ve Ham madde \u00dcretimi ve Sat\u0131\u015f\u0131<\/em><\/p>\t\t\t\t\t\t\t\t<\/div>\n\t\t\t\t<\/div>\n\t\t\t\t<\/div>\n\t\t<div class=\"elementor-element elementor-element-ee9f91f e-con-full e-flex e-con e-child\" data-id=\"ee9f91f\" data-element_type=\"container\" data-e-type=\"container\">\n\t\t\t\t<div class=\"elementor-element elementor-element-ff28490 elementor-widget elementor-widget-image\" data-id=\"ff28490\" data-element_type=\"widget\" data-e-type=\"widget\" data-widget_type=\"image.default\">\n\t\t\t\t<div class=\"elementor-widget-container\">\n\t\t\t\t\t\t\t\t\t\t\t\t\t\t\t\t<a href=\"http:\/\/www.akersan.com.tr\/?page_id=785\">\n\t\t\t\t\t\t\t<img decoding=\"async\" width=\"780\" height=\"470\" src=\"https:\/\/www.akersan.com.tr\/wp-content\/uploads\/2023\/09\/TCG-ANADOLU-780x470-1.webp\" class=\"attachment-large size-large wp-image-758\" alt=\"\" srcset=\"https:\/\/www.akersan.com.tr\/wp-content\/uploads\/2023\/09\/TCG-ANADOLU-780x470-1.webp 780w, https:\/\/www.akersan.com.tr\/wp-content\/uploads\/2023\/09\/TCG-ANADOLU-780x470-1-300x181.webp 300w, https:\/\/www.akersan.com.tr\/wp-content\/uploads\/2023\/09\/TCG-ANADOLU-780x470-1-768x463.webp 768w\" sizes=\"(max-width: 780px) 100vw, 780px\" \/>\t\t\t\t\t\t\t\t<\/a>\n\t\t\t\t\t\t\t\t\t\t\t\t\t\t\t<\/div>\n\t\t\t\t<\/div>\n\t\t\t\t<div class=\"elementor-element elementor-element-c9693fb elementor-widget elementor-widget-heading\" data-id=\"c9693fb\" data-element_type=\"widget\" data-e-type=\"widget\" data-widget_type=\"heading.default\">\n\t\t\t\t<div class=\"elementor-widget-container\">\n\t\t\t\t\t<h2 class=\"elementor-heading-title elementor-size-default\"><a href=\"http:\/\/www.akersan.com.tr\/?page_id=785\">Akersan Savunma Sanayi<\/a><\/h2>\t\t\t\t<\/div>\n\t\t\t\t<\/div>\n\t\t\t\t<div class=\"elementor-element elementor-element-649b14a elementor-widget elementor-widget-text-editor\" data-id=\"649b14a\" data-element_type=\"widget\" data-e-type=\"widget\" data-widget_type=\"text-editor.default\">\n\t\t\t\t<div class=\"elementor-widget-container\">\n\t\t\t\t\t\t\t\t\t<p><em>Akersan Milli Savunma Sanayi Hizmetleri<\/em><\/p>\t\t\t\t\t\t\t\t<\/div>\n\t\t\t\t<\/div>\n\t\t\t\t<\/div>\n\t\t\t\t<\/div>\n\t\t\t\t\t<\/div>\n\t\t\t\t<\/div>\n\t\t<div class=\"elementor-element elementor-element-cd7b74c e-flex e-con-boxed e-con e-parent\" data-id=\"cd7b74c\" data-element_type=\"container\" data-e-type=\"container\">\n\t\t\t\t\t<div class=\"e-con-inner\">\n\t\t\t\t<div class=\"elementor-element elementor-element-c7dd30b elementor-widget elementor-widget-spacer\" data-id=\"c7dd30b\" data-element_type=\"widget\" data-e-type=\"widget\" data-widget_type=\"spacer.default\">\n\t\t\t\t<div class=\"elementor-widget-container\">\n\t\t\t\t\t\t\t<div class=\"elementor-spacer\">\n\t\t\t<div class=\"elementor-spacer-inner\"><\/div>\n\t\t<\/div>\n\t\t\t\t\t\t<\/div>\n\t\t\t\t<\/div>\n\t\t<div class=\"elementor-element elementor-element-d3beba7 e-con-full e-flex e-con e-child\" data-id=\"d3beba7\" data-element_type=\"container\" data-e-type=\"container\">\n\t\t<div class=\"elementor-element elementor-element-b64bba9 e-con-full e-flex e-con e-child\" data-id=\"b64bba9\" data-element_type=\"container\" data-e-type=\"container\">\n\t\t\t\t<div class=\"elementor-element elementor-element-46d0c84 elementor-widget elementor-widget-image\" data-id=\"46d0c84\" data-element_type=\"widget\" data-e-type=\"widget\" data-widget_type=\"image.default\">\n\t\t\t\t<div class=\"elementor-widget-container\">\n\t\t\t\t\t\t\t\t\t\t\t\t\t\t\t\t<a href=\"http:\/\/www.akersan.com.tr\/?page_id=794\">\n\t\t\t\t\t\t\t<img decoding=\"async\" width=\"1024\" height=\"654\" src=\"https:\/\/www.akersan.com.tr\/wp-content\/uploads\/2023\/09\/1621858551-1024x654.jpg\" class=\"attachment-large size-large wp-image-757\" alt=\"\" srcset=\"https:\/\/www.akersan.com.tr\/wp-content\/uploads\/2023\/09\/1621858551-1024x654.jpg 1024w, https:\/\/www.akersan.com.tr\/wp-content\/uploads\/2023\/09\/1621858551-300x191.jpg 300w, https:\/\/www.akersan.com.tr\/wp-content\/uploads\/2023\/09\/1621858551-768x490.jpg 768w, https:\/\/www.akersan.com.tr\/wp-content\/uploads\/2023\/09\/1621858551-1536x980.jpg 1536w, https:\/\/www.akersan.com.tr\/wp-content\/uploads\/2023\/09\/1621858551-2048x1307.jpg 2048w\" sizes=\"(max-width: 1024px) 100vw, 1024px\" \/>\t\t\t\t\t\t\t\t<\/a>\n\t\t\t\t\t\t\t\t\t\t\t\t\t\t\t<\/div>\n\t\t\t\t<\/div>\n\t\t\t\t<div class=\"elementor-element elementor-element-058c53e elementor-widget elementor-widget-heading\" data-id=\"058c53e\" data-element_type=\"widget\" data-e-type=\"widget\" data-widget_type=\"heading.default\">\n\t\t\t\t<div class=\"elementor-widget-container\">\n\t\t\t\t\t<h2 class=\"elementor-heading-title elementor-size-default\"><a href=\"http:\/\/www.akersan.com.tr\/?page_id=794\">Akersan Elektrik, M\u00fchendislik ve Otomasyon<\/a><\/h2>\t\t\t\t<\/div>\n\t\t\t\t<\/div>\n\t\t\t\t<div class=\"elementor-element elementor-element-9e4dd3b elementor-widget elementor-widget-text-editor\" data-id=\"9e4dd3b\" data-element_type=\"widget\" data-e-type=\"widget\" data-widget_type=\"text-editor.default\">\n\t\t\t\t<div class=\"elementor-widget-container\">\n\t\t\t\t\t\t\t\t\t<p><em>Elektrik \u00fcr\u00fcnleri imalat\u0131 ve sat\u0131\u015f\u0131 (transformat\u00f6rler, kablolar, ayd\u0131nlatma, kablo kanal\u0131 vs.<\/em><br \/><em><strong>Kumanda Koruma<\/strong><\/em><br \/><em>\u00c7esitli tesislerin kumanda ve koruma merkezlerinin anahtar teslimi yapimi ve bu kapsamdaki t\u00fcm insaat isleri, r\u00f6le panolari imalat ve montajlari, mikro dalga g\u00fc\u00e7 \u00fcnitelerinin montajlari, r\u00f6lelerin montaj ve kablaj islerinin yapilmasi AKERSAN tarafindan ger\u00e7eklestirilmistir.<\/em><br \/><em><strong>M\u00fchendislik<\/strong><\/em><br \/><em>AKERSAN, faaliyete ge\u00e7tigi g\u00fcnden bu yana elektrik m\u00fchendisligi alaninda ve \u00e7ok \u00e7esitli proje ve danismanlik hizmetlerini basariyla y\u00fcr\u00fctm\u00fcst\u00fcr. Firmanin \u00fcstlendigi taahh\u00fct islerine ait proje \u00e7alismalarinin kendi b\u00fcnyesinde yapilmasi disinda proje ihalelerine katilarak \u00e7esitli kurum ve kuruluslara da proje ve danismanlik hizmetleri sunmustur.<\/em><\/p>\t\t\t\t\t\t\t\t<\/div>\n\t\t\t\t<\/div>\n\t\t\t\t<\/div>\n\t\t<div class=\"elementor-element elementor-element-e81ae2e e-con-full e-flex e-con e-child\" data-id=\"e81ae2e\" data-element_type=\"container\" data-e-type=\"container\">\n\t\t\t\t<div class=\"elementor-element elementor-element-981e83d elementor-widget elementor-widget-image\" data-id=\"981e83d\" data-element_type=\"widget\" data-e-type=\"widget\" data-widget_type=\"image.default\">\n\t\t\t\t<div class=\"elementor-widget-container\">\n\t\t\t\t\t\t\t\t\t\t\t\t\t\t\t\t<a href=\"http:\/\/www.akersan.com.tr\/?page_id=797\">\n\t\t\t\t\t\t\t<img loading=\"lazy\" decoding=\"async\" width=\"768\" height=\"512\" src=\"https:\/\/www.akersan.com.tr\/wp-content\/uploads\/2023\/09\/img_slider_4858_civil.jpg\" class=\"attachment-large size-large wp-image-756\" alt=\"\" srcset=\"https:\/\/www.akersan.com.tr\/wp-content\/uploads\/2023\/09\/img_slider_4858_civil.jpg 768w, https:\/\/www.akersan.com.tr\/wp-content\/uploads\/2023\/09\/img_slider_4858_civil-300x200.jpg 300w\" sizes=\"(max-width: 768px) 100vw, 768px\" \/>\t\t\t\t\t\t\t\t<\/a>\n\t\t\t\t\t\t\t\t\t\t\t\t\t\t\t<\/div>\n\t\t\t\t<\/div>\n\t\t\t\t<div class=\"elementor-element elementor-element-53a3e84 elementor-widget elementor-widget-heading\" data-id=\"53a3e84\" data-element_type=\"widget\" data-e-type=\"widget\" data-widget_type=\"heading.default\">\n\t\t\t\t<div class=\"elementor-widget-container\">\n\t\t\t\t\t<h2 class=\"elementor-heading-title elementor-size-default\"><a href=\"http:\/\/www.akersan.com.tr\/?page_id=797\">Akersan \u0130n\u015faat<\/a><\/h2>\t\t\t\t<\/div>\n\t\t\t\t<\/div>\n\t\t\t\t<div class=\"elementor-element elementor-element-3506dff elementor-widget elementor-widget-text-editor\" data-id=\"3506dff\" data-element_type=\"widget\" data-e-type=\"widget\" data-widget_type=\"text-editor.default\">\n\t\t\t\t<div class=\"elementor-widget-container\">\n\t\t\t\t\t\t\t\t\t<p>\u0130n\u015faat taahh\u00fct ve malzeme sat\u0131\u015f\u0131.<br \/><strong>Proje ve Taahh\u00fct<\/strong><br \/>\u00a0Proje asamasinda kesiflendirilen islerin teklif kabulu sonrasi proje asamasinda gerekli \u00e7alismalar ekibimiz tarafindan titizlikle incelendikten sonra Fizibilite Raporu hazirlanir. Uygulama asamasi m\u00fchendislerimiz denetiminde altyapi ve mekanik konstr\u00fcksiyon \u00e7alismasi ile devam eder.<\/p>\t\t\t\t\t\t\t\t<\/div>\n\t\t\t\t<\/div>\n\t\t\t\t<\/div>\n\t\t\t\t<\/div>\n\t\t\t\t\t<\/div>\n\t\t\t\t<\/div>\n\t\t<div class=\"elementor-element elementor-element-2eadc69 e-flex e-con-boxed e-con e-parent\" data-id=\"2eadc69\" data-element_type=\"container\" data-e-type=\"container\">\n\t\t\t\t\t<div class=\"e-con-inner\">\n\t\t\t\t<div class=\"elementor-element elementor-element-98c6fc3 elementor-widget elementor-widget-spacer\" data-id=\"98c6fc3\" data-element_type=\"widget\" data-e-type=\"widget\" data-widget_type=\"spacer.default\">\n\t\t\t\t<div class=\"elementor-widget-container\">\n\t\t\t\t\t\t\t<div class=\"elementor-spacer\">\n\t\t\t<div class=\"elementor-spacer-inner\"><\/div>\n\t\t<\/div>\n\t\t\t\t\t\t<\/div>\n\t\t\t\t<\/div>\n\t\t<div class=\"elementor-element elementor-element-76e81c1 e-con-full e-flex e-con e-child\" data-id=\"76e81c1\" data-element_type=\"container\" data-e-type=\"container\">\n\t\t<div class=\"elementor-element elementor-element-d55ff28 e-con-full e-flex e-con e-child\" data-id=\"d55ff28\" data-element_type=\"container\" data-e-type=\"container\">\n\t\t\t\t<div class=\"elementor-element elementor-element-413ca5c elementor-widget elementor-widget-image\" data-id=\"413ca5c\" data-element_type=\"widget\" data-e-type=\"widget\" data-widget_type=\"image.default\">\n\t\t\t\t<div class=\"elementor-widget-container\">\n\t\t\t\t\t\t\t\t\t\t\t\t\t\t\t\t<a href=\"http:\/\/www.akersan.com.tr\/?page_id=803\">\n\t\t\t\t\t\t\t<img decoding=\"async\" src=\"http:\/\/www.akersan.com.tr\/wp-content\/uploads\/2023\/09\/00.jpg\" title=\"\" alt=\"\" loading=\"lazy\" \/>\t\t\t\t\t\t\t\t<\/a>\n\t\t\t\t\t\t\t\t\t\t\t\t\t\t\t<\/div>\n\t\t\t\t<\/div>\n\t\t\t\t<div class=\"elementor-element elementor-element-784c43d elementor-widget elementor-widget-heading\" data-id=\"784c43d\" data-element_type=\"widget\" data-e-type=\"widget\" data-widget_type=\"heading.default\">\n\t\t\t\t<div class=\"elementor-widget-container\">\n\t\t\t\t\t<h2 class=\"elementor-heading-title elementor-size-default\"><a href=\"http:\/\/www.akersan.com.tr\/?page_id=803\">Akersan Mekanik<\/a><\/h2>\t\t\t\t<\/div>\n\t\t\t\t<\/div>\n\t\t\t\t<div class=\"elementor-element elementor-element-3cb6980 elementor-widget elementor-widget-text-editor\" data-id=\"3cb6980\" data-element_type=\"widget\" data-e-type=\"widget\" data-widget_type=\"text-editor.default\">\n\t\t\t\t<div class=\"elementor-widget-container\">\n\t\t\t\t\t\t\t\t\t<p>Mekanik \u00fcr\u00fcnleri imalat\u0131 ve sat\u0131\u015f\u0131 (Makine, makine par\u00e7alar\u0131 \u00e7elik yap\u0131 galvaniz, D\u0131\u015f cephe giydirme ve reklam).<\/p>\t\t\t\t\t\t\t\t<\/div>\n\t\t\t\t<\/div>\n\t\t\t\t<\/div>\n\t\t<div class=\"elementor-element elementor-element-25e97ec e-con-full e-flex e-con e-child\" data-id=\"25e97ec\" data-element_type=\"container\" data-e-type=\"container\">\n\t\t\t\t<div class=\"elementor-element elementor-element-cffcbba elementor-widget elementor-widget-image\" data-id=\"cffcbba\" data-element_type=\"widget\" data-e-type=\"widget\" data-widget_type=\"image.default\">\n\t\t\t\t<div class=\"elementor-widget-container\">\n\t\t\t\t\t\t\t\t\t\t\t\t\t\t\t\t<a href=\"http:\/\/www.akersan.com.tr\/?page_id=809\">\n\t\t\t\t\t\t\t<img loading=\"lazy\" decoding=\"async\" width=\"652\" height=\"400\" src=\"https:\/\/www.akersan.com.tr\/wp-content\/uploads\/2023\/09\/irak_ve_turkiye_demiryolu_ile_baglanacak_h6247_a3063.jpg\" class=\"attachment-large size-large wp-image-766\" alt=\"\" srcset=\"https:\/\/www.akersan.com.tr\/wp-content\/uploads\/2023\/09\/irak_ve_turkiye_demiryolu_ile_baglanacak_h6247_a3063.jpg 652w, https:\/\/www.akersan.com.tr\/wp-content\/uploads\/2023\/09\/irak_ve_turkiye_demiryolu_ile_baglanacak_h6247_a3063-300x184.jpg 300w\" sizes=\"(max-width: 652px) 100vw, 652px\" \/>\t\t\t\t\t\t\t\t<\/a>\n\t\t\t\t\t\t\t\t\t\t\t\t\t\t\t<\/div>\n\t\t\t\t<\/div>\n\t\t\t\t<div class=\"elementor-element elementor-element-e3d4a41 elementor-widget elementor-widget-heading\" data-id=\"e3d4a41\" data-element_type=\"widget\" data-e-type=\"widget\" data-widget_type=\"heading.default\">\n\t\t\t\t<div class=\"elementor-widget-container\">\n\t\t\t\t\t<h2 class=\"elementor-heading-title elementor-size-default\"><a href=\"http:\/\/www.akersan.com.tr\/?page_id=809\">Akersan Demiryolu<\/a><\/h2>\t\t\t\t<\/div>\n\t\t\t\t<\/div>\n\t\t\t\t<div class=\"elementor-element elementor-element-2e6e364 elementor-widget elementor-widget-text-editor\" data-id=\"2e6e364\" data-element_type=\"widget\" data-e-type=\"widget\" data-widget_type=\"text-editor.default\">\n\t\t\t\t<div class=\"elementor-widget-container\">\n\t\t\t\t\t\t\t\t\t<p>Demiryolu ekipmanlar\u0131 sat\u0131\u015f\u0131 ve uygulama( vagon, lokomotif, ray kaynak makinesi sat\u0131\u015f\u0131 ve deneyimli personel )<\/p>\t\t\t\t\t\t\t\t<\/div>\n\t\t\t\t<\/div>\n\t\t\t\t<\/div>\n\t\t\t\t<\/div>\n\t\t\t\t\t<\/div>\n\t\t\t\t<\/div>\n\t\t\t\t<\/div>\n\t\t","protected":false},"excerpt":{"rendered":"<p>Hizmetlerimiz Akersan Kimya Kimyevi Madde, End\u00fcstriyel Boya ve Ham madde \u00dcretimi ve Sat\u0131\u015f\u0131 Akersan Savunma Sanayi Akersan Milli Savunma Sanayi Hizmetleri Akersan Elektrik, M\u00fchendislik ve Otomasyon Elektrik \u00fcr\u00fcnleri imalat\u0131 ve sat\u0131\u015f\u0131 (transformat\u00f6rler, kablolar, ayd\u0131nlatma, kablo kanal\u0131 vs.Kumanda Koruma\u00c7esitli tesislerin kumanda ve koruma merkezlerinin anahtar teslimi yapimi ve bu kapsamdaki t\u00fcm insaat isleri, r\u00f6le panolari imalat&#8230;<\/p>\n","protected":false},"author":1,"featured_media":0,"parent":0,"menu_order":0,"comment_status":"closed","ping_status":"closed","template":"","meta":{"googlesitekit_rrm_CAowp6-_DA:productID":"","_kadence_starter_templates_imported_post":true,"_kad_post_transparent":"","_kad_post_title":"hide","_kad_post_layout":"fullwidth","_kad_post_sidebar_id":"","_kad_post_content_style":"unboxed","_kad_post_vertical_padding":"hide","_kad_post_feature":"hide","_kad_post_feature_position":"","_kad_post_header":false,"_kad_post_footer":false,"_kad_post_classname":"","footnotes":""},"class_list":["post-18","page","type-page","status-publish","hentry"],"_links":{"self":[{"href":"https:\/\/www.akersan.com.tr\/index.php?rest_route=\/wp\/v2\/pages\/18","targetHints":{"allow":["GET"]}}],"collection":[{"href":"https:\/\/www.akersan.com.tr\/index.php?rest_route=\/wp\/v2\/pages"}],"about":[{"href":"https:\/\/www.akersan.com.tr\/index.php?rest_route=\/wp\/v2\/types\/page"}],"author":[{"embeddable":true,"href":"https:\/\/www.akersan.com.tr\/index.php?rest_route=\/wp\/v2\/users\/1"}],"replies":[{"embeddable":true,"href":"https:\/\/www.akersan.com.tr\/index.php?rest_route=%2Fwp%2Fv2%2Fcomments&post=18"}],"version-history":[{"count":11,"href":"https:\/\/www.akersan.com.tr\/index.php?rest_route=\/wp\/v2\/pages\/18\/revisions"}],"predecessor-version":[{"id":1003,"href":"https:\/\/www.akersan.com.tr\/index.php?rest_route=\/wp\/v2\/pages\/18\/revisions\/1003"}],"wp:attachment":[{"href":"https:\/\/www.akersan.com.tr\/index.php?rest_route=%2Fwp%2Fv2%2Fmedia&parent=18"}],"curies":[{"name":"wp","href":"https:\/\/api.w.org\/{rel}","templated":true}]}}