{"id":809,"date":"2023-09-27T16:48:00","date_gmt":"2023-09-27T16:48:00","guid":{"rendered":"http:\/\/www.akersan.com.tr\/?page_id=809"},"modified":"2023-09-29T18:38:15","modified_gmt":"2023-09-29T18:38:15","slug":"akersan-demiryolu","status":"publish","type":"page","link":"https:\/\/www.akersan.com.tr\/?page_id=809","title":{"rendered":"Akersan Demiryolu"},"content":{"rendered":"\t\t<div data-elementor-type=\"wp-page\" data-elementor-id=\"809\" class=\"elementor elementor-809\">\n\t\t\t\t<div class=\"elementor-element elementor-element-5650995 e-con-full e-flex e-con e-parent\" data-id=\"5650995\" data-element_type=\"container\" data-e-type=\"container\" data-settings=\"{&quot;background_background&quot;:&quot;classic&quot;}\">\n\t\t\t\t<div class=\"elementor-element elementor-element-6808a60 elementor-widget elementor-widget-spacer\" data-id=\"6808a60\" data-element_type=\"widget\" data-e-type=\"widget\" data-widget_type=\"spacer.default\">\n\t\t\t\t<div class=\"elementor-widget-container\">\n\t\t\t\t\t\t\t<div class=\"elementor-spacer\">\n\t\t\t<div class=\"elementor-spacer-inner\"><\/div>\n\t\t<\/div>\n\t\t\t\t\t\t<\/div>\n\t\t\t\t<\/div>\n\t\t\t\t<\/div>\n\t\t<div class=\"elementor-element elementor-element-9556da9 e-flex e-con-boxed e-con e-parent\" data-id=\"9556da9\" data-element_type=\"container\" data-e-type=\"container\">\n\t\t\t\t\t<div class=\"e-con-inner\">\n\t\t\t\t<div class=\"elementor-element elementor-element-cf06f19 elementor-widget elementor-widget-spacer\" data-id=\"cf06f19\" data-element_type=\"widget\" data-e-type=\"widget\" data-widget_type=\"spacer.default\">\n\t\t\t\t<div class=\"elementor-widget-container\">\n\t\t\t\t\t\t\t<div class=\"elementor-spacer\">\n\t\t\t<div class=\"elementor-spacer-inner\"><\/div>\n\t\t<\/div>\n\t\t\t\t\t\t<\/div>\n\t\t\t\t<\/div>\n\t\t<div class=\"elementor-element elementor-element-44cb5be e-flex e-con-boxed e-con e-child\" data-id=\"44cb5be\" data-element_type=\"container\" data-e-type=\"container\">\n\t\t\t\t\t<div class=\"e-con-inner\">\n\t\t\t\t<div class=\"elementor-element elementor-element-f08b039 elementor-widget elementor-widget-heading\" data-id=\"f08b039\" data-element_type=\"widget\" data-e-type=\"widget\" data-widget_type=\"heading.default\">\n\t\t\t\t<div class=\"elementor-widget-container\">\n\t\t\t\t\t<h2 class=\"elementor-heading-title elementor-size-default\">Akersan Demiryolu<\/h2>\t\t\t\t<\/div>\n\t\t\t\t<\/div>\n\t\t\t\t\t<\/div>\n\t\t\t\t<\/div>\n\t\t\t\t\t<\/div>\n\t\t\t\t<\/div>\n\t\t<div class=\"elementor-element elementor-element-2a698d3 e-flex e-con-boxed e-con e-parent\" data-id=\"2a698d3\" data-element_type=\"container\" data-e-type=\"container\">\n\t\t\t\t\t<div class=\"e-con-inner\">\n\t\t\t\t<div class=\"elementor-element elementor-element-1d69fb7 elementor-widget elementor-widget-spacer\" data-id=\"1d69fb7\" data-element_type=\"widget\" data-e-type=\"widget\" data-widget_type=\"spacer.default\">\n\t\t\t\t<div class=\"elementor-widget-container\">\n\t\t\t\t\t\t\t<div class=\"elementor-spacer\">\n\t\t\t<div class=\"elementor-spacer-inner\"><\/div>\n\t\t<\/div>\n\t\t\t\t\t\t<\/div>\n\t\t\t\t<\/div>\n\t\t<div class=\"elementor-element elementor-element-2db561a e-flex e-con-boxed e-con e-child\" data-id=\"2db561a\" data-element_type=\"container\" data-e-type=\"container\">\n\t\t\t\t\t<div class=\"e-con-inner\">\n\t\t\t\t<div class=\"elementor-element elementor-element-8fc45c8 elementor-align-center elementor-widget elementor-widget-button\" data-id=\"8fc45c8\" data-element_type=\"widget\" data-e-type=\"widget\" data-widget_type=\"button.default\">\n\t\t\t\t<div class=\"elementor-widget-container\">\n\t\t\t\t\t\t\t\t\t<div class=\"elementor-button-wrapper\">\n\t\t\t\t\t<a class=\"elementor-button elementor-button-link elementor-size-sm\" href=\"tel:+905327879209\">\n\t\t\t\t\t\t<span class=\"elementor-button-content-wrapper\">\n\t\t\t\t\t\t\t\t\t<span class=\"elementor-button-text\">DEM\u0130RYOLU H\u0130ZMETLER\u0130M\u0130Z \u0130\u00c7\u0130N L\u00dcTFEN TIKLAYINIZ<\/span>\n\t\t\t\t\t<\/span>\n\t\t\t\t\t<\/a>\n\t\t\t\t<\/div>\n\t\t\t\t\t\t\t\t<\/div>\n\t\t\t\t<\/div>\n\t\t\t\t\t<\/div>\n\t\t\t\t<\/div>\n\t\t\t\t\t<\/div>\n\t\t\t\t<\/div>\n\t\t<div class=\"elementor-element elementor-element-65fe978 e-flex e-con-boxed e-con e-parent\" data-id=\"65fe978\" data-element_type=\"container\" data-e-type=\"container\">\n\t\t\t\t\t<div class=\"e-con-inner\">\n\t\t\t\t<div class=\"elementor-element elementor-element-313de6d elementor-widget elementor-widget-spacer\" data-id=\"313de6d\" data-element_type=\"widget\" data-e-type=\"widget\" data-widget_type=\"spacer.default\">\n\t\t\t\t<div class=\"elementor-widget-container\">\n\t\t\t\t\t\t\t<div class=\"elementor-spacer\">\n\t\t\t<div class=\"elementor-spacer-inner\"><\/div>\n\t\t<\/div>\n\t\t\t\t\t\t<\/div>\n\t\t\t\t<\/div>\n\t\t\t\t\t<\/div>\n\t\t\t\t<\/div>\n\t\t<div class=\"elementor-element elementor-element-205e7c5 e-flex e-con-boxed e-con e-parent\" data-id=\"205e7c5\" data-element_type=\"container\" data-e-type=\"container\">\n\t\t\t\t\t<div class=\"e-con-inner\">\n\t\t\t\t<div class=\"elementor-element elementor-element-3e28d6b elementor-widget elementor-widget-text-editor\" data-id=\"3e28d6b\" data-element_type=\"widget\" data-e-type=\"widget\" data-widget_type=\"text-editor.default\">\n\t\t\t\t<div class=\"elementor-widget-container\">\n\t\t\t\t\t\t\t\t\t<section class=\"elementor-section elementor-top-section elementor-element elementor-element-7cf1f33 elementor-section-boxed elementor-section-height-default elementor-section-height-default\" data-id=\"7cf1f33\" data-element_type=\"section\"><div class=\"elementor-container elementor-column-gap-default\"><div class=\"elementor-column elementor-col-100 elementor-top-column elementor-element elementor-element-e0ebc1c\" data-id=\"e0ebc1c\" data-element_type=\"column\"><div class=\"elementor-widget-wrap elementor-element-populated\"><div class=\"elementor-element elementor-element-bd408e7 elementor-widget elementor-widget-text-editor\" data-id=\"bd408e7\" data-element_type=\"widget\" data-widget_type=\"text-editor.default\"><div class=\"elementor-widget-container\"><p>Demiryolu ekipmanlar\u0131 sat\u0131\u015f\u0131 ve uygulama( vagon, lokomotif, ray kaynak makinesi sat\u0131\u015f\u0131 ve deneyimli personel )<\/p><\/div><\/div><\/div><\/div><\/div><\/section><section class=\"elementor-section elementor-top-section elementor-element elementor-element-aaf6128 elementor-section-boxed elementor-section-height-default elementor-section-height-default\" data-id=\"aaf6128\" data-element_type=\"section\"><div class=\"elementor-container elementor-column-gap-default\"><div class=\"elementor-column elementor-col-100 elementor-top-column elementor-element elementor-element-39b1ab8\" data-id=\"39b1ab8\" data-element_type=\"column\"><div class=\"elementor-widget-wrap elementor-element-populated\"><div class=\"elementor-element elementor-element-f963c2d elementor-widget elementor-widget-spacer\" data-id=\"f963c2d\" data-element_type=\"widget\" data-widget_type=\"spacer.default\"><div class=\"elementor-widget-container\"><div class=\"elementor-spacer\">\u00a0<\/div><\/div><\/div><\/div><\/div><\/div><\/section>\t\t\t\t\t\t\t\t<\/div>\n\t\t\t\t<\/div>\n\t\t\t\t\t<\/div>\n\t\t\t\t<\/div>\n\t\t<div class=\"elementor-element elementor-element-0eeb20e e-flex e-con-boxed e-con e-parent\" data-id=\"0eeb20e\" data-element_type=\"container\" data-e-type=\"container\">\n\t\t\t\t\t<div class=\"e-con-inner\">\n\t\t\t\t<div class=\"elementor-element elementor-element-3b22118 elementor-widget elementor-widget-spacer\" data-id=\"3b22118\" data-element_type=\"widget\" data-e-type=\"widget\" data-widget_type=\"spacer.default\">\n\t\t\t\t<div class=\"elementor-widget-container\">\n\t\t\t\t\t\t\t<div class=\"elementor-spacer\">\n\t\t\t<div class=\"elementor-spacer-inner\"><\/div>\n\t\t<\/div>\n\t\t\t\t\t\t<\/div>\n\t\t\t\t<\/div>\n\t\t\t\t\t<\/div>\n\t\t\t\t<\/div>\n\t\t<div class=\"elementor-element elementor-element-b0c680f e-flex e-con-boxed e-con e-parent\" data-id=\"b0c680f\" data-element_type=\"container\" data-e-type=\"container\">\n\t\t\t\t\t<div class=\"e-con-inner\">\n\t\t\t\t<div class=\"elementor-element elementor-element-8f28370 elementor-widget elementor-widget-image\" data-id=\"8f28370\" data-element_type=\"widget\" data-e-type=\"widget\" data-widget_type=\"image.default\">\n\t\t\t\t<div class=\"elementor-widget-container\">\n\t\t\t\t\t\t\t\t\t\t\t\t\t\t\t<img fetchpriority=\"high\" decoding=\"async\" width=\"652\" height=\"400\" src=\"http:\/\/www.akersan.com.tr\/wp-content\/uploads\/2023\/09\/irak_ve_turkiye_demiryolu_ile_baglanacak_h6247_a3063.jpg\" class=\"attachment-large size-large wp-image-766\" alt=\"\" srcset=\"http:\/\/www.akersan.com.tr\/wp-content\/uploads\/2023\/09\/irak_ve_turkiye_demiryolu_ile_baglanacak_h6247_a3063.jpg 652w, http:\/\/www.akersan.com.tr\/wp-content\/uploads\/2023\/09\/irak_ve_turkiye_demiryolu_ile_baglanacak_h6247_a3063-300x184.jpg 300w\" sizes=\"(max-width: 652px) 100vw, 652px\" \/>\t\t\t\t\t\t\t\t\t\t\t\t\t\t\t<\/div>\n\t\t\t\t<\/div>\n\t\t\t\t\t<\/div>\n\t\t\t\t<\/div>\n\t\t\t\t<\/div>\n\t\t","protected":false},"excerpt":{"rendered":"<p>Akersan Demiryolu DEM\u0130RYOLU H\u0130ZMETLER\u0130M\u0130Z \u0130\u00c7\u0130N L\u00dcTFEN TIKLAYINIZ Demiryolu ekipmanlar\u0131 sat\u0131\u015f\u0131 ve uygulama( vagon, lokomotif, ray kaynak makinesi sat\u0131\u015f\u0131 ve deneyimli personel ) \u00a0<\/p>\n","protected":false},"author":1,"featured_media":0,"parent":0,"menu_order":0,"comment_status":"closed","ping_status":"closed","template":"","meta":{"googlesitekit_rrm_CAowp6-_DA:productID":"","_kadence_starter_templates_imported_post":false,"_kad_post_transparent":"","_kad_post_title":"hide","_kad_post_layout":"fullwidth","_kad_post_sidebar_id":"","_kad_post_content_style":"unboxed","_kad_post_vertical_padding":"hide","_kad_post_feature":"hide","_kad_post_feature_position":"","_kad_post_header":false,"_kad_post_footer":false,"_kad_post_classname":"","footnotes":""},"class_list":["post-809","page","type-page","status-publish","hentry"],"_links":{"self":[{"href":"https:\/\/www.akersan.com.tr\/index.php?rest_route=\/wp\/v2\/pages\/809","targetHints":{"allow":["GET"]}}],"collection":[{"href":"https:\/\/www.akersan.com.tr\/index.php?rest_route=\/wp\/v2\/pages"}],"about":[{"href":"https:\/\/www.akersan.com.tr\/index.php?rest_route=\/wp\/v2\/types\/page"}],"author":[{"embeddable":true,"href":"https:\/\/www.akersan.com.tr\/index.php?rest_route=\/wp\/v2\/users\/1"}],"replies":[{"embeddable":true,"href":"https:\/\/www.akersan.com.tr\/index.php?rest_route=%2Fwp%2Fv2%2Fcomments&post=809"}],"version-history":[{"count":10,"href":"https:\/\/www.akersan.com.tr\/index.php?rest_route=\/wp\/v2\/pages\/809\/revisions"}],"predecessor-version":[{"id":1018,"href":"https:\/\/www.akersan.com.tr\/index.php?rest_route=\/wp\/v2\/pages\/809\/revisions\/1018"}],"wp:attachment":[{"href":"https:\/\/www.akersan.com.tr\/index.php?rest_route=%2Fwp%2Fv2%2Fmedia&parent=809"}],"curies":[{"name":"wp","href":"https:\/\/api.w.org\/{rel}","templated":true}]}}