{"id":883,"date":"2023-09-29T17:48:34","date_gmt":"2023-09-29T17:48:34","guid":{"rendered":"http:\/\/www.akersan.com.tr\/?page_id=883"},"modified":"2023-09-29T17:48:35","modified_gmt":"2023-09-29T17:48:35","slug":"katolog","status":"publish","type":"page","link":"https:\/\/www.akersan.com.tr\/?page_id=883","title":{"rendered":"Katolog"},"content":{"rendered":"\n<div data-wp-interactive=\"core\/file\" class=\"wp-block-file\"><object data-wp-bind--hidden=\"!state.hasPdfPreview\" hidden class=\"wp-block-file__embed\" data=\"http:\/\/www.akersan.com.tr\/wp-content\/uploads\/2023\/09\/AKRELAX-KATOLOG_yeni-1.pdf\" type=\"application\/pdf\" style=\"width:100%;height:600px\" aria-label=\"AKRELAX-KATOLOG_yeni-1 g\u00f6m\u00fcs\u00fc.\"><\/object><a id=\"wp-block-file--media-dadaefef-8f5f-4c0d-a3b4-d84116382211\" href=\"http:\/\/www.akersan.com.tr\/wp-content\/uploads\/2023\/09\/AKRELAX-KATOLOG_yeni-1.pdf\">AKRELAX-KATOLOG_yeni-1<\/a><a href=\"http:\/\/www.akersan.com.tr\/wp-content\/uploads\/2023\/09\/AKRELAX-KATOLOG_yeni-1.pdf\" class=\"wp-block-file__button wp-element-button\" download aria-describedby=\"wp-block-file--media-dadaefef-8f5f-4c0d-a3b4-d84116382211\">\u0130ndir<\/a><\/div>\n","protected":false},"excerpt":{"rendered":"","protected":false},"author":1,"featured_media":0,"parent":0,"menu_order":0,"comment_status":"closed","ping_status":"closed","template":"","meta":{"googlesitekit_rrm_CAowp6-_DA:productID":"","_kadence_starter_templates_imported_post":false,"_kad_post_transparent":"","_kad_post_title":"","_kad_post_layout":"","_kad_post_sidebar_id":"","_kad_post_content_style":"","_kad_post_vertical_padding":"","_kad_post_feature":"","_kad_post_feature_position":"","_kad_post_header":false,"_kad_post_footer":false,"_kad_post_classname":"","footnotes":""},"class_list":["post-883","page","type-page","status-publish","hentry"],"_links":{"self":[{"href":"https:\/\/www.akersan.com.tr\/index.php?rest_route=\/wp\/v2\/pages\/883","targetHints":{"allow":["GET"]}}],"collection":[{"href":"https:\/\/www.akersan.com.tr\/index.php?rest_route=\/wp\/v2\/pages"}],"about":[{"href":"https:\/\/www.akersan.com.tr\/index.php?rest_route=\/wp\/v2\/types\/page"}],"author":[{"embeddable":true,"href":"https:\/\/www.akersan.com.tr\/index.php?rest_route=\/wp\/v2\/users\/1"}],"replies":[{"embeddable":true,"href":"https:\/\/www.akersan.com.tr\/index.php?rest_route=%2Fwp%2Fv2%2Fcomments&post=883"}],"version-history":[{"count":1,"href":"https:\/\/www.akersan.com.tr\/index.php?rest_route=\/wp\/v2\/pages\/883\/revisions"}],"predecessor-version":[{"id":884,"href":"https:\/\/www.akersan.com.tr\/index.php?rest_route=\/wp\/v2\/pages\/883\/revisions\/884"}],"wp:attachment":[{"href":"https:\/\/www.akersan.com.tr\/index.php?rest_route=%2Fwp%2Fv2%2Fmedia&parent=883"}],"curies":[{"name":"wp","href":"https:\/\/api.w.org\/{rel}","templated":true}]}}